{"id":918,"date":"2020-09-08T21:52:03","date_gmt":"2020-09-08T21:52:03","guid":{"rendered":"http:\/\/textofuera.com\/?page_id=918"},"modified":"2024-02-26T22:35:57","modified_gmt":"2024-02-26T22:35:57","slug":"918-2","status":"publish","type":"page","link":"https:\/\/textofuera.com\/","title":{"rendered":""},"content":{"rendered":"\n<div class=\"wp-block-group\"><div class=\"wp-block-group__inner-container is-layout-flow wp-block-group-is-layout-flow\">\n<h2 class=\"has-text-align-center has-text-color has-small-font-size wp-block-heading\" style=\"color:#b85c06\"><strong>:TextoFuera: <\/strong>Una historia que comenz\u00f3 despu\u00e9s de sacudir la cabeza y reencontrar la memoria. Nuestro h\u00e1bitat es la espesura, donde el m\u00fasculo creativo se desarrolla en libertad. Iniciativas soberanas que nacen en papel, sin aviso previo.<\/h2>\n\n\n\n<div class=\"wp-block-image\"><figure class=\"aligncenter size-medium is-resized\"><img loading=\"lazy\" decoding=\"async\" data-attachment-id=\"927\" data-permalink=\"https:\/\/textofuera.com\/?attachment_id=927\" data-orig-file=\"https:\/\/i0.wp.com\/textofuera.com\/wp-content\/uploads\/2020\/09\/logo_short_color_white.jpg?fit=260%2C558&amp;ssl=1\" data-orig-size=\"260,558\" data-comments-opened=\"1\" data-image-meta=\"{&quot;aperture&quot;:&quot;0&quot;,&quot;credit&quot;:&quot;&quot;,&quot;camera&quot;:&quot;&quot;,&quot;caption&quot;:&quot;&quot;,&quot;created_timestamp&quot;:&quot;0&quot;,&quot;copyright&quot;:&quot;&quot;,&quot;focal_length&quot;:&quot;0&quot;,&quot;iso&quot;:&quot;0&quot;,&quot;shutter_speed&quot;:&quot;0&quot;,&quot;title&quot;:&quot;&quot;,&quot;orientation&quot;:&quot;0&quot;}\" data-image-title=\"logo_short_color_white\" data-image-description=\"\" data-medium-file=\"https:\/\/i0.wp.com\/textofuera.com\/wp-content\/uploads\/2020\/09\/logo_short_color_white.jpg?fit=140%2C300&amp;ssl=1\" data-large-file=\"https:\/\/i0.wp.com\/textofuera.com\/wp-content\/uploads\/2020\/09\/logo_short_color_white.jpg?fit=260%2C558&amp;ssl=1\" src=\"https:\/\/i1.wp.com\/textofuera.com\/wp-content\/uploads\/2020\/09\/logo_short_color_white-140x300.jpg?resize=70%2C150&#038;ssl=1\" alt=\"\" class=\"wp-image-927\" width=\"70\" height=\"150\" srcset=\"https:\/\/i0.wp.com\/textofuera.com\/wp-content\/uploads\/2020\/09\/logo_short_color_white.jpg?resize=140%2C300&amp;ssl=1 140w, https:\/\/i0.wp.com\/textofuera.com\/wp-content\/uploads\/2020\/09\/logo_short_color_white.jpg?w=260&amp;ssl=1 260w\" sizes=\"auto, (max-width: 70px) 100vw, 70px\" data-recalc-dims=\"1\" \/><\/figure><\/div>\n\n\n\n<p><\/p>\n<\/div><\/div>\n","protected":false},"excerpt":{"rendered":"<p>:TextoFuera: Una historia que comenz\u00f3 despu\u00e9s de sacudir la cabeza y reencontrar la memoria. Nuestro h\u00e1bitat es la espesura, donde el m\u00fasculo creativo se desarrolla en libertad. Iniciativas soberanas que nacen en papel, sin aviso previo.<\/p>\n","protected":false},"author":1,"featured_media":0,"parent":0,"menu_order":0,"comment_status":"closed","ping_status":"closed","template":"","meta":{"episode_type":"","audio_file":"","transcript_file":"","cover_image":"","cover_image_id":"","duration":"","filesize":"","date_recorded":"","explicit":"","block":"","filesize_raw":"","spay_email":"","footnotes":""},"class_list":["post-918","page","type-page","status-publish","hentry","entry"],"_links":{"self":[{"href":"https:\/\/textofuera.com\/index.php?rest_route=\/wp\/v2\/pages\/918","targetHints":{"allow":["GET"]}}],"collection":[{"href":"https:\/\/textofuera.com\/index.php?rest_route=\/wp\/v2\/pages"}],"about":[{"href":"https:\/\/textofuera.com\/index.php?rest_route=\/wp\/v2\/types\/page"}],"author":[{"embeddable":true,"href":"https:\/\/textofuera.com\/index.php?rest_route=\/wp\/v2\/users\/1"}],"replies":[{"embeddable":true,"href":"https:\/\/textofuera.com\/index.php?rest_route=%2Fwp%2Fv2%2Fcomments&post=918"}],"version-history":[{"count":33,"href":"https:\/\/textofuera.com\/index.php?rest_route=\/wp\/v2\/pages\/918\/revisions"}],"predecessor-version":[{"id":996,"href":"https:\/\/textofuera.com\/index.php?rest_route=\/wp\/v2\/pages\/918\/revisions\/996"}],"wp:attachment":[{"href":"https:\/\/textofuera.com\/index.php?rest_route=%2Fwp%2Fv2%2Fmedia&parent=918"}],"curies":[{"name":"wp","href":"https:\/\/api.w.org\/{rel}","templated":true}]}}